{"id":211,"date":"2024-04-11T15:20:05","date_gmt":"2024-04-11T14:20:05","guid":{"rendered":"https:\/\/www.femise.org\/?page_id=211"},"modified":"2026-04-23T15:51:47","modified_gmt":"2026-04-23T14:51:47","slug":"members","status":"publish","type":"page","link":"https:\/\/www.femise.org\/en\/le-r%c3%a9seau\/members\/","title":{"rendered":"Network Members"},"content":{"rendered":"<p><strong><span style=\"color: #ff6600;\"><img decoding=\"async\" loading=\"lazy\" class=\"aligncenter wp-image-21874 size-full\" src=\"https:\/\/www.femise.org\/wp-content\/uploads\/2023\/11\/MCM05283-scaled.jpg\" alt=\"\" width=\"2560\" height=\"1707\" srcset=\"https:\/\/www.femise.org\/wp-content\/uploads\/2023\/11\/MCM05283-scaled.jpg 2560w, https:\/\/www.femise.org\/wp-content\/uploads\/2023\/11\/MCM05283-300x200.jpg 300w, https:\/\/www.femise.org\/wp-content\/uploads\/2023\/11\/MCM05283-1024x683.jpg 1024w, https:\/\/www.femise.org\/wp-content\/uploads\/2023\/11\/MCM05283-768x512.jpg 768w, https:\/\/www.femise.org\/wp-content\/uploads\/2023\/11\/MCM05283-1536x1024.jpg 1536w, https:\/\/www.femise.org\/wp-content\/uploads\/2023\/11\/MCM05283-2048x1365.jpg 2048w, https:\/\/www.femise.org\/wp-content\/uploads\/2023\/11\/MCM05283-624x416.jpg 624w\" sizes=\"(max-width: 2560px) 100vw, 2560px\" \/><\/span><\/strong><\/p>\n<p><strong><span style=\"color: #ff6600;\">List of Members<\/span><\/strong><br \/>\n(last updated on 14\/12\/2023)<\/p>\n<p>The network of FEMISE is now composed of 100 members\u2019 institutes representing the EU-Med region and it includes: <strong><span style=\"color: #3366ff;\">46 Members from the South Mediterranean Partners countries and Turkey and 54 Members from the European Union Countries and Nothern Mediterranean\u00a0 countries<\/span> <\/strong><\/p>\n<p>These members share similar objectives of FEMISE and work on conducting research on economic, social and political economy issues.<\/p>\n<p><a href=\"https:\/\/www.femise.org\/en\/participate\/become-a-member\/\" target=\"_blank\" rel=\"noopener\">Click here to know more about how to become a member<\/a>.<\/p>\n<p>There are three types of memberships:<br \/>\n<strong><span style=\"color: #ff6600;\">1. Founding members:<\/span> <\/strong>Institutes that have participated in the creation of the association in 2005 and their names appear in its charter. The Economic Research Forum and the Institut de la M\u00e9diterran\u00e9e are considered Founding members by right. There are 52 founding members in the association.<br \/>\n<strong><span style=\"color: #ff6600;\">2. Active member:<\/span> <\/strong>Institutes that joined and are joining the network after its establishment and whose activities and areas of interest are related to those of FEMISE. The network is open for new members. Acceptance of new members is the decision of the Steering Committee. Active Members are committed to the advancement of FEMISE objectives and shall be entitled to full participation in Forum activities.<br \/>\n<strong><span style=\"color: #ff6600;\">3. Observers:<\/span><\/strong> Institutes that joined and are joining the network after its establishment and whose activities and areas of interest are related to those of FEMISE, but that do not have membership rights, including voting rights. Acceptance of new observers is the decision of the Steering Committee.<\/p>\n<p>Network members are entitled to participate in the activities of the network and are committed to the development and progressing of its objectives.<\/p>\n<h2><span style=\"color: #ff9900;\">South Mediterranean Partners Countries<\/span><\/h2>\n<table style=\"height: 2555px;\" width=\"721\">\n<tbody>\n<tr>\n<td width=\"124\"><strong>Country<\/strong><\/td>\n<td width=\"242\"><strong>Member Institutes<\/strong><\/td>\n<td width=\"98\"><strong>Status<\/strong><\/td>\n<td width=\"105\"><strong>Representative<br \/>\n<\/strong><\/td>\n<\/tr>\n<tr>\n<td rowspan=\"3\" width=\"124\">Algeria<\/td>\n<td width=\"242\">CREAD*<\/td>\n<td width=\"98\">Founding Member<\/td>\n<td width=\"105\">Moundir Lassassi<\/td>\n<\/tr>\n<tr>\n<td width=\"242\">Faculte des Sciences Economiques et des Sciences de Gestion, Universite Badji-Mokhtar, Annaba<\/td>\n<td width=\"98\">Active Member<\/td>\n<td width=\"105\"><\/td>\n<\/tr>\n<tr>\n<td width=\"242\">Facult\u00e9 des sciences \u00e9conomiques, des sciences de Gestion et des sciences commerciales, Universit\u00e9 d\u2019Oran, Oran<\/td>\n<td width=\"98\">Active Member<\/td>\n<td width=\"105\"><\/td>\n<\/tr>\n<tr>\n<td rowspan=\"6\" width=\"124\">Egypt<\/td>\n<td width=\"242\">Economic Research Forum**<\/td>\n<td width=\"98\">Founding Member<\/td>\n<td width=\"105\">Heba Handoussa<\/td>\n<\/tr>\n<tr>\n<td width=\"242\">MSA\u00a0University\u00a0\u2013 Le Caire<\/td>\n<td width=\"98\">Founding Member<\/td>\n<td width=\"105\">Doaa Salman<\/td>\n<\/tr>\n<tr>\n<td width=\"242\">Faculty of Economics and Political Sciences (FEPS), Cairo University<\/td>\n<td width=\"98\">Active Member<\/td>\n<td width=\"105\">Heba Nassar<\/td>\n<\/tr>\n<tr>\n<td width=\"242\">Economic Department of the American University in Cairo (AUC)*<\/td>\n<td width=\"98\">Active Member<\/td>\n<td width=\"105\">Mona Said<\/td>\n<\/tr>\n<tr>\n<td width=\"242\">Egyptian\u00a0Center\u00a0for Economic Studies (ECES)<\/td>\n<td width=\"98\">Active Member<\/td>\n<td width=\"105\">Abla Abdel-Latif<\/td>\n<\/tr>\n<tr>\n<td width=\"242\">Al Ahram Center for Political and Strategic Studies (ACPSS)<\/td>\n<td width=\"98\">Active Member<\/td>\n<td width=\"105\">Wahid Abd El Magead<\/td>\n<\/tr>\n<tr>\n<td rowspan=\"4\" width=\"124\">Israel<\/td>\n<td width=\"242\">Interdisciplinary Center for Technological Analysis and Forecasting<\/td>\n<td width=\"98\">Founding Member<\/td>\n<td width=\"105\">Tal Soffer<\/td>\n<\/tr>\n<tr>\n<td width=\"242\">Leonard Davis Institute of International Relations, The Hebrew University*<\/td>\n<td width=\"98\">Founding Member<\/td>\n<td width=\"105\">Alfred Tovias<\/td>\n<\/tr>\n<tr>\n<td width=\"242\">Tel-Hai\u00a0Academic College<\/td>\n<td width=\"98\">Founding Member<\/td>\n<td width=\"105\">Tamar Arieli<\/td>\n<\/tr>\n<tr>\n<td width=\"242\">The Macro Center for Political Economics<\/td>\n<td width=\"98\">Founding Member<\/td>\n<td width=\"105\">Roby Nathanson<\/td>\n<\/tr>\n<tr>\n<td width=\"124\">Jordan<\/td>\n<td width=\"242\">Royal Scientific Society*<\/td>\n<td width=\"98\">Founding Member<\/td>\n<td width=\"105\">Majd Elnaber<\/td>\n<\/tr>\n<tr>\n<td rowspan=\"2\" width=\"124\">Lebanon<\/td>\n<td width=\"242\">Institute of Financial Economics, American Univeristy of Beirut (AUB)*<\/td>\n<td width=\"98\">Founding Member<\/td>\n<td width=\"105\">Samir Makdisi<\/td>\n<\/tr>\n<tr>\n<td width=\"242\">Univ. St Joseph, Liban<\/td>\n<td width=\"98\">Founding Member<\/td>\n<td width=\"105\">Marie-Claude Chaftari Kamar<\/td>\n<\/tr>\n<tr>\n<td rowspan=\"8\" width=\"124\">Morocco<\/td>\n<td width=\"242\">Al Akhawayn University, Ifrane<\/td>\n<td width=\"98\">Founding Member<\/td>\n<td width=\"105\">Ahmed Baijou<\/td>\n<\/tr>\n<tr>\n<td width=\"242\">IMRI<\/td>\n<td width=\"98\">Founding Member<\/td>\n<td width=\"105\">Jawad Kerdoudi<\/td>\n<\/tr>\n<tr>\n<td width=\"242\">Facult\u00e9 des sciences juridiques, \u00e9conomiques et Sociales, Universit\u00e9 Mohamed V<\/td>\n<td width=\"98\">Founding Member<\/td>\n<td width=\"105\">Idriss El Abbassi<\/td>\n<\/tr>\n<tr>\n<td width=\"242\">INSEA<\/td>\n<td width=\"98\">Founding Member<\/td>\n<td width=\"105\">Nouzha ZAOUJAL<\/td>\n<\/tr>\n<tr>\n<td width=\"242\">Facult\u00e9 de droit et d\u2019\u00e9conomie Cadi Ayyad*<\/td>\n<td width=\"98\">Active Member<\/td>\n<td width=\"105\">Aomar Ibourk<\/td>\n<\/tr>\n<tr>\n<td width=\"242\">Lasaare<\/td>\n<td width=\"98\">Active Member<\/td>\n<td width=\"105\">Fouzi Mourji<\/td>\n<\/tr>\n<tr>\n<td width=\"242\"><a href=\"http:\/\/www.fst-usmba.ac.ma\/a-word-from-the-dean\/\">Universit\u00e9 Sidi Mohamed Ben Abdellah (USMBA) de Fes<\/a><\/td>\n<td width=\"98\">Active Member<\/td>\n<td width=\"105\">Abdelhamid EL BOUHADI<\/td>\n<\/tr>\n<tr>\n<td width=\"242\">Institut Sup\u00e9rieur de Commerce et d\u2019Administration des Enterprise (ISCAE), Morocco<\/td>\n<td width=\"98\">Membre Actif<\/td>\n<td width=\"105\">Tarik El Malki<\/td>\n<\/tr>\n<tr>\n<td rowspan=\"3\" width=\"124\">Palestinian Authority<\/td>\n<td width=\"242\">Al Quds University of Jerusalem*<\/td>\n<td width=\"98\">Founding Member<\/td>\n<td width=\"105\">Mahmoud Eljafari<\/td>\n<\/tr>\n<tr>\n<td width=\"242\">Birzeit\u00a0University<\/td>\n<td width=\"98\">Founding Member<\/td>\n<td width=\"105\">Nidal Sabri<\/td>\n<\/tr>\n<tr>\n<td width=\"242\">Palestine\u00a0Economic Policy Research Institute (MAS)<\/td>\n<td width=\"98\">Active Member<\/td>\n<td width=\"105\">Nabeel Kassis \/ Haneen Masri<\/td>\n<\/tr>\n<tr>\n<td rowspan=\"8\" width=\"124\">Tunisia<\/td>\n<td width=\"242\"><a href=\"http:\/\/www.iace.tn\/\">Institut Arabe des Chefs d\u2019entreprises<\/a><\/td>\n<td width=\"98\">Founding Member<\/td>\n<td width=\"105\">Majdi Hassen<\/td>\n<\/tr>\n<tr>\n<td width=\"242\">Ecole Sup\u00e9rieure de Commerce De Sfax<\/td>\n<td width=\"98\">Founding Member<\/td>\n<td width=\"105\">Karim Chaabouni<\/td>\n<\/tr>\n<tr>\n<td width=\"242\">Universit\u00e9 de Tunis El Manar<\/td>\n<td width=\"98\">Active Member<\/td>\n<td width=\"105\">Mongi Boughzala<\/td>\n<\/tr>\n<tr>\n<td width=\"242\">Facult\u00e9 des Sciences Economiques et de Gestion de Sousse<\/td>\n<td width=\"98\">Active Member<\/td>\n<td width=\"105\">Lassaad Lakhal<\/td>\n<\/tr>\n<tr>\n<td width=\"242\">Facult\u00e9 des Sciences Economiques et de Gestion de Nabeul, Universit\u00e9 de Carthage (FSEGN)<\/td>\n<td width=\"98\">Active Member<\/td>\n<td width=\"105\">Faouzi Abdennour<\/td>\n<\/tr>\n<tr>\n<td width=\"242\">Ecole Superieure des Sciences Economiques et Commerciales de Tunis, Univeriste de Tunis (ESSECT)*<\/td>\n<td width=\"98\">Active Member<\/td>\n<td width=\"105\">Sofiane Ghali<\/td>\n<\/tr>\n<tr>\n<td width=\"242\"><\/td>\n<td width=\"98\"><\/td>\n<td width=\"105\"><\/td>\n<\/tr>\n<tr>\n<td width=\"242\">Institut Tunisien de la Comp\u00e9titivit\u00e9 et des Etudes Quantitatives (ITCEQ)<\/td>\n<td width=\"98\">Membre Actif<\/td>\n<td width=\"105\">Alaya BECHEIKH<\/td>\n<\/tr>\n<tr>\n<td rowspan=\"11\" width=\"124\">Turkey<\/td>\n<td width=\"242\">Bilkent University, Center for International Economics<\/td>\n<td width=\"98\">Founding Member<\/td>\n<td width=\"105\">Subidey Togan<\/td>\n<\/tr>\n<tr>\n<td width=\"242\"><\/td>\n<td width=\"98\"><\/td>\n<td width=\"105\"><\/td>\n<\/tr>\n<tr>\n<td width=\"242\">D\u00e9partement d\u2019\u00e9conomie de l\u2019Universit\u00e9 Galatasaray<\/td>\n<td width=\"98\">Active Member<\/td>\n<td width=\"105\">Mustafa Ulus<\/td>\n<\/tr>\n<tr>\n<td width=\"242\">METU Science and Technology Policies Research Center (TEKPOL) \u2013 Middle East Technical University<\/td>\n<td width=\"98\">Active Member<\/td>\n<td width=\"105\">Teoman Pamuk\u00e7u<\/td>\n<\/tr>\n<tr>\n<td width=\"242\">Economic Department, the Akdeniz University*<\/td>\n<td width=\"98\">Active Member<\/td>\n<td width=\"105\">\n<p class=\"p1\">Ahmet Ali KO\u00c7<\/p>\n<\/td>\n<\/tr>\n<tr>\n<td width=\"242\">Department of Economics, Mersin University<\/td>\n<td width=\"98\">Active Member<\/td>\n<td width=\"105\">Semiha Aytemiz<\/td>\n<\/tr>\n<tr>\n<td width=\"242\">Economic Policy Research Foundation of Turkey (TEPAV)<\/td>\n<td width=\"98\">Active Member<\/td>\n<td width=\"105\">Sibel Guven<\/td>\n<\/tr>\n<tr>\n<td width=\"242\">Economic and Social Research Center, Istanbul Technical University<\/td>\n<td width=\"98\">Active Member<\/td>\n<td width=\"105\">Saime Kayman \/ oner guncavdi<\/td>\n<\/tr>\n<tr>\n<td width=\"242\"><a href=\"https:\/\/www.etu.edu.tr\/en\">TOBB Univeristy of Eocnomics and Technology<\/a><\/td>\n<td width=\"98\">Active Member<\/td>\n<td width=\"105\">Onur Tas<\/td>\n<\/tr>\n<tr>\n<td width=\"242\"><a href=\"http:\/\/www.gtu.edu.tr\/\">Faculty of Business Administration, Universit\u00e9 Technique de GEBZE<\/a><\/td>\n<td width=\"98\">Active Member<\/td>\n<td width=\"105\">Abdullah ALTUN<\/td>\n<\/tr>\n<tr>\n<td width=\"242\"><a href=\"https:\/\/www.yasar.edu.tr\/\">Ya\u015far University<\/a><\/td>\n<td width=\"98\">Active Member<\/td>\n<td width=\"105\">Durmu\u015f Ozdemir<\/td>\n<\/tr>\n<tr>\n<td width=\"242\"><\/td>\n<td width=\"98\">Faculty of Economic and Administrative Sciences, Yildiz Technical University<\/td>\n<td width=\"105\">Active Member<\/td>\n<td width=\"105\">Tun\u00e7 DURMAZ<\/td>\n<\/tr>\n<tr>\n<td width=\"242\"><\/td>\n<td width=\"98\">Sivas Cumhuriyet University<\/td>\n<td width=\"105\">Active Member<\/td>\n<td width=\"105\">Suleyman Degirman<\/td>\n<\/tr>\n<\/tbody>\n<\/table>\n<h2>Sivas Cumhuriyet University\u00a0Membre ActifSuleyman Degirman<\/h2>\n<h2><span style=\"color: #ff9900;\">European Union and Northen Mediterranean Countries<\/span><\/h2>\n<table width=\"569\">\n<tbody>\n<tr>\n<td width=\"117\"><strong>Country<\/strong><\/td>\n<td width=\"225\"><strong>Member Institute<\/strong><\/td>\n<td width=\"92\"><strong>Status<\/strong><\/td>\n<td width=\"125\"><strong>Representative <\/strong><\/td>\n<\/tr>\n<tr>\n<td rowspan=\"3\" width=\"117\">Belgium<\/td>\n<td width=\"225\">Ecomod Network<\/td>\n<td width=\"92\">Founding Member<\/td>\n<td width=\"125\">Ali Bayar<\/td>\n<\/tr>\n<tr>\n<td width=\"225\">ULB-CEB<\/td>\n<td width=\"92\">Founding Member<\/td>\n<td width=\"125\">Khalid Sekkat<\/td>\n<\/tr>\n<tr>\n<td width=\"225\">Institut de Recherches Economiques et Sociales, Universite Catholique de Louvain (UCL)<\/td>\n<td width=\"92\">Active Member<\/td>\n<td width=\"125\">Jean-Francois Maystadt<\/td>\n<\/tr>\n<tr>\n<td width=\"117\">Croatia<\/td>\n<td width=\"225\">Institute of Economics, Zagreb<\/td>\n<td width=\"92\">Active Member<\/td>\n<td width=\"125\">Dubravka Jurlina Alibegovic<\/td>\n<\/tr>\n<tr>\n<td width=\"117\">Denmark<\/td>\n<td width=\"225\">Roskilde\u00a0University*<\/td>\n<td width=\"92\">Founding Member<\/td>\n<td width=\"125\">Luca Ghibelli<\/td>\n<\/tr>\n<tr>\n<td width=\"117\">Finland<\/td>\n<td width=\"225\">University\u00a0of Tampere, TAPRI*<\/td>\n<td width=\"92\">Founding Member<\/td>\n<td width=\"125\">Tuomo Melasuo<\/td>\n<\/tr>\n<tr>\n<td rowspan=\"15\" width=\"117\">France<\/td>\n<td width=\"225\">CIHEAM-IAM.M<\/td>\n<td width=\"92\">Founding Member<\/td>\n<td width=\"125\">Fatima elhadad<\/td>\n<\/tr>\n<tr>\n<td width=\"225\">Aix-Marseille University (AMU)<\/td>\n<td width=\"92\">Founding Member<\/td>\n<td width=\"125\">Marion Dovis<\/td>\n<\/tr>\n<tr>\n<td width=\"225\">Universit\u00e9 Sorbonne Paris Nord CEPN (CNRS- UMR 7234)<\/td>\n<td width=\"92\">Founding Member<\/td>\n<td width=\"125\">Joel Oudinet<\/td>\n<\/tr>\n<tr>\n<td width=\"225\">CERDI Clermont Ferrand*<\/td>\n<td width=\"92\">Founding Member<\/td>\n<td width=\"125\">Patrick Plane<\/td>\n<\/tr>\n<tr>\n<td width=\"225\">LEAD, Universit\u00e9 de Toulon-Var<\/td>\n<td width=\"92\">Active Member<\/td>\n<td width=\"125\">Michel Dimou<\/td>\n<\/tr>\n<tr>\n<td width=\"225\">ERUDITE, Universit\u00e9 Paris-Est Cr\u00e9teil Val de Marne<\/td>\n<td width=\"92\">Founding Member<\/td>\n<td width=\"125\">Philippe Adair<\/td>\n<\/tr>\n<tr>\n<td width=\"225\">ADRESSE-Cemafi<\/td>\n<td width=\"92\">Founding Member<\/td>\n<td width=\"125\">Claude Berthomieu<\/td>\n<\/tr>\n<tr>\n<td width=\"225\">CATT, Universit\u00e9 de Pau<\/td>\n<td width=\"92\">Active Member<\/td>\n<td width=\"125\">Jamal Bouoiyour<\/td>\n<\/tr>\n<tr>\n<td width=\"225\">KEDGE Business School<\/td>\n<td width=\"92\">Active Member<\/td>\n<td width=\"125\">Thomas Lagoarde Segot<\/td>\n<\/tr>\n<tr>\n<td width=\"225\">Centre de Recherche en Economie et Management, CREM UMR CRNS 6211<\/td>\n<td width=\"92\">Active Member<\/td>\n<td width=\"125\">Claire El Moudden<\/td>\n<\/tr>\n<tr>\n<td width=\"225\"><a href=\"https:\/\/www.pantheonsorbonne.fr\/en\/ufr\/iedes\/about-us\/\">The Institute of Economic and Social Development Studies (IEDES), University of Paris 1 Panth\u00e9on\u2013Sorbonne,<\/a><\/td>\n<td width=\"92\">Active Member<\/td>\n<td width=\"125\">Karine Marazyan<\/td>\n<\/tr>\n<tr>\n<td width=\"225\"><a href=\"https:\/\/energies2050.org\/?lang=en\">ENERGIES 2050<\/a><\/td>\n<td width=\"92\">Active Member<\/td>\n<td width=\"125\">Stephane Pouffary<\/td>\n<\/tr>\n<tr>\n<td width=\"225\"><a href=\"https:\/\/opee-sbat.org\/en\/\">L\u2019Observatoire des Pratiques des Entrepreneurs et des Entreprises (OPEE)<\/a><\/td>\n<td width=\"92\">Active Member<\/td>\n<td width=\"125\">Maarouf Ramadan<\/td>\n<\/tr>\n<tr>\n<td width=\"225\"><a href=\"https:\/\/leda.dauphine.fr\/\">DIAL- UMR LEDa \u2013 Paris Dauphine, France<\/a><\/td>\n<td width=\"92\">Membre Actif<\/td>\n<td width=\"125\">El Mouhoub MOUHOUD<\/td>\n<\/tr>\n<tr>\n<td width=\"225\">Fondation pour les etudes et recherches sur le d\u00e9veloppement Internationales (FERDI)<\/td>\n<td width=\"92\">Membre Actif<\/td>\n<td width=\"125\">Emilie FABREGUETTES<\/td>\n<\/tr>\n<tr>\n<td rowspan=\"4\" width=\"117\">Germany<\/td>\n<td width=\"225\">GIGA Institute\u00a0of Middle East\u00a0Studies (IMES) (Former Deutsches Orient-Institut)<\/td>\n<td width=\"92\">Founding Member<\/td>\n<td width=\"125\">Thomas Richter<\/td>\n<\/tr>\n<tr>\n<td width=\"225\">DIW Berlin, German Institute for economic research<\/td>\n<td width=\"92\">Founding Member<\/td>\n<td width=\"125\"><\/td>\n<\/tr>\n<tr>\n<td width=\"225\">Universit\u00e9 de Hambourg \u2013 IWK<\/td>\n<td width=\"92\">Founding Member<\/td>\n<td width=\"125\">Bernd Lucke<\/td>\n<\/tr>\n<tr>\n<td width=\"225\"><a href=\"https:\/\/www.die-gdi.de\/en\/\">The German Development Institute \/ Deutsches Institut f\u00fcr Entwicklungspolitik (DIE)<\/a><\/td>\n<td width=\"92\">Active Member<\/td>\n<td width=\"125\">Markus Loewe<\/td>\n<\/tr>\n<tr>\n<td rowspan=\"4\" width=\"117\">Greece<\/td>\n<td width=\"225\">Inweb-Grece<\/td>\n<td width=\"92\">Founding Member<\/td>\n<td width=\"125\">Jacques Ganoulis<\/td>\n<\/tr>\n<tr>\n<td width=\"225\">Department of Political Science and International Relations (PEDIS) \u2013 University of the Peloponnese<\/td>\n<td width=\"92\">Active Member<\/td>\n<td width=\"125\">Panagiota Manoli<\/td>\n<\/tr>\n<tr>\n<td width=\"225\">Department of Economics, University of Ioannina*<\/td>\n<td width=\"92\">Active Member<\/td>\n<td width=\"125\">Stella Tsani<\/td>\n<\/tr>\n<tr>\n<td width=\"225\">&nbsp;<\/p>\n<p>Department of Economics, National and Kapodistrian University of Athens<\/td>\n<td width=\"92\">Membre Actif<\/td>\n<td width=\"125\">&nbsp;<\/p>\n<p>Pantelis Kostis<\/td>\n<\/tr>\n<tr>\n<td width=\"117\">Hungary<\/td>\n<td width=\"225\">Institute of World Economics, Hungarian Academy of sciences<\/td>\n<td width=\"92\">Active Member<\/td>\n<td width=\"125\">Tamas Szigetvari<\/td>\n<\/tr>\n<tr>\n<td rowspan=\"7\" width=\"117\">Italy<\/td>\n<td width=\"225\">Cespi<\/td>\n<td width=\"92\">Founding Member<\/td>\n<td width=\"125\">Marco Zupi<\/td>\n<\/tr>\n<tr>\n<td width=\"225\">Institute for Studies on the Mediterranean ISMed-CNR<\/td>\n<td width=\"92\">Founding Member<\/td>\n<td width=\"125\">Salvatore Capasso<\/td>\n<\/tr>\n<tr>\n<td width=\"225\">ISTITUTO PER IL MEDITERRANEO (iMed)<\/td>\n<td width=\"92\">Founding Member<\/td>\n<td width=\"125\">Andrea Amato<\/td>\n<\/tr>\n<tr>\n<td width=\"225\">Universit\u00e9 de Mod\u00e8ne et Region Emilie<\/td>\n<td width=\"92\">Founding Member<\/td>\n<td width=\"125\">Sergio Alessandrini<\/td>\n<\/tr>\n<tr>\n<td width=\"225\"><\/td>\n<td width=\"92\"><\/td>\n<td width=\"125\"><\/td>\n<\/tr>\n<tr>\n<td width=\"225\">Universit\u00e9 de Bologne<\/td>\n<td width=\"92\">Active Member<\/td>\n<td width=\"125\">Daniela Bolzani<\/td>\n<\/tr>\n<tr>\n<td width=\"225\">Centre for Research in Labour Economics and Economic Policy, University of Salerno*<\/td>\n<td width=\"92\">Active Member<\/td>\n<td width=\"125\">Anna Ferragina<\/td>\n<\/tr>\n<tr>\n<td width=\"117\">Malta<\/td>\n<td width=\"225\">Institute for European Studies,\u00a0University of Malta<\/td>\n<td width=\"92\">Active Member<\/td>\n<td width=\"125\">Susanna Thede<\/td>\n<\/tr>\n<tr>\n<td width=\"117\">Luxembourg<\/td>\n<td width=\"225\">Luxembourg Institute of Socio-Economic Research (LISER)*<\/td>\n<td width=\"92\">Active Member<\/td>\n<td width=\"125\">Frederic Docquier<\/td>\n<\/tr>\n<tr>\n<td rowspan=\"2\" width=\"117\">Poland<\/td>\n<td width=\"225\">Department of Economics, Warsaw University*<\/td>\n<td width=\"92\">Founding Member<\/td>\n<td width=\"125\">Jan Michalek<\/td>\n<\/tr>\n<tr>\n<td width=\"225\">CASE-Center for Social &amp; Economic Research<\/td>\n<td width=\"92\">Active Member<\/td>\n<td width=\"125\">Oskar Chmiel<\/td>\n<\/tr>\n<tr>\n<td rowspan=\"2\" width=\"117\">Romania<\/td>\n<td width=\"225\">Universitatea Babes-Bolyai Cluj-Napoca<\/td>\n<td width=\"92\">Founding Member<\/td>\n<td width=\"125\">Ovidiu Moisescu<\/td>\n<\/tr>\n<tr>\n<td width=\"225\">The Bucharest Academy of Economic Studies<\/td>\n<td width=\"92\">Active Member<\/td>\n<td width=\"125\">Cristina Boboc<\/td>\n<\/tr>\n<tr>\n<td rowspan=\"6\" width=\"117\">Spain<\/td>\n<td width=\"225\">Universidad Autonoma de Madrid**<\/td>\n<td width=\"92\">Founding Member<\/td>\n<td width=\"125\">Rafael de Arce<\/td>\n<\/tr>\n<tr>\n<td width=\"225\">IEI, Universidat de Valencia<\/td>\n<td width=\"92\">Founding Member<\/td>\n<td width=\"125\">In\u00e9s Cubells<\/td>\n<\/tr>\n<tr>\n<td width=\"225\">Facult\u00e9 des Sciences Economiques de Grenade<\/td>\n<td width=\"92\">Active Member<\/td>\n<td width=\"125\">Juliette Milgram Baleix<\/td>\n<\/tr>\n<tr>\n<td width=\"225\">Institut Universitari d\u2019Estudis Europeus (IUEE), Universidad Aut\u00f3noma de Barcelona (UAB)<\/td>\n<td width=\"92\">Active Member<\/td>\n<td width=\"125\">Riccardo Turati<\/td>\n<\/tr>\n<tr>\n<td width=\"225\">IEMed, Institut Europeu de la Mediterr\u00e0nia<\/td>\n<td width=\"92\">Active Member<\/td>\n<td width=\"125\">Roger Albinyana<\/td>\n<\/tr>\n<tr>\n<td width=\"225\">The Institute of International Economics (IEI, Univiersity of Jaume 1)<\/td>\n<td width=\"92\">Membre Actif<\/td>\n<td width=\"125\">Cristina Aliaga<\/td>\n<\/tr>\n<tr>\n<td width=\"117\">Sweden<\/td>\n<td width=\"225\">Lund\u00a0University<\/td>\n<td width=\"92\">Active Member<\/td>\n<td width=\"125\">Ronny Berndtson<\/td>\n<\/tr>\n<tr>\n<td rowspan=\"5\" width=\"117\">United Kingdom<\/td>\n<td width=\"225\">Sussex\u00a0University<\/td>\n<td width=\"92\">Founding Member<\/td>\n<td width=\"125\">Michael Gasiorek<\/td>\n<\/tr>\n<tr>\n<td width=\"225\">University\u00a0of Southampton, Economic Division of the School of Social Sciences<\/td>\n<td width=\"92\">Active Member<\/td>\n<td width=\"125\">Jacqueline Wahba<\/td>\n<\/tr>\n<tr>\n<td width=\"225\">European Institute, London School of Economics<\/td>\n<td width=\"92\">Active Member<\/td>\n<td width=\"125\">Vassilis Monastiriotis<\/td>\n<\/tr>\n<tr>\n<td width=\"225\">SOAS, University of London*<\/td>\n<td width=\"92\">Active Member<\/td>\n<td width=\"125\">Massoud Karshenas<\/td>\n<\/tr>\n<tr>\n<td width=\"225\"><a href=\"http:\/\/www.lboro.ac.uk\/\">Loughborough University<\/a><\/td>\n<td width=\"92\">Active Member<\/td>\n<td width=\"125\">Christos Kourtelis<\/td>\n<\/tr>\n<\/tbody>\n<\/table>\n<p>&nbsp;<\/p>\n<p>Notes:<\/p>\n<p>*** Founding member by Right and President of FEMISE<\/p>\n<p>** Elected Member of the FEMISE Board of Directors and Elected Treasurer of FEMISE<\/p>\n<p>* Elected Member of the FEMISE Board of Directors 2023<\/p>\n","protected":false},"excerpt":{"rendered":"<p>List of Members (last updated on 14\/12\/2023) The network of [&hellip;]<\/p>\n","protected":false},"author":1,"featured_media":21874,"parent":208,"menu_order":0,"comment_status":"open","ping_status":"open","template":"","meta":{"_mi_skip_tracking":false,"_exactmetrics_sitenote_active":false,"_exactmetrics_sitenote_note":"","_exactmetrics_sitenote_category":0},"acf":[],"_links":{"self":[{"href":"https:\/\/www.femise.org\/en\/wp-json\/wp\/v2\/pages\/211"}],"collection":[{"href":"https:\/\/www.femise.org\/en\/wp-json\/wp\/v2\/pages"}],"about":[{"href":"https:\/\/www.femise.org\/en\/wp-json\/wp\/v2\/types\/page"}],"author":[{"embeddable":true,"href":"https:\/\/www.femise.org\/en\/wp-json\/wp\/v2\/users\/1"}],"replies":[{"embeddable":true,"href":"https:\/\/www.femise.org\/en\/wp-json\/wp\/v2\/comments?post=211"}],"version-history":[{"count":65,"href":"https:\/\/www.femise.org\/en\/wp-json\/wp\/v2\/pages\/211\/revisions"}],"predecessor-version":[{"id":23639,"href":"https:\/\/www.femise.org\/en\/wp-json\/wp\/v2\/pages\/211\/revisions\/23639"}],"up":[{"embeddable":true,"href":"https:\/\/www.femise.org\/en\/wp-json\/wp\/v2\/pages\/208"}],"wp:featuredmedia":[{"embeddable":true,"href":"https:\/\/www.femise.org\/en\/wp-json\/wp\/v2\/media\/21874"}],"wp:attachment":[{"href":"https:\/\/www.femise.org\/en\/wp-json\/wp\/v2\/media?parent=211"}],"curies":[{"name":"wp","href":"https:\/\/api.w.org\/{rel}","templated":true}]}}