{"id":209,"date":"2024-04-11T15:19:24","date_gmt":"2024-04-11T14:19:24","guid":{"rendered":"https:\/\/www.femise.org\/?page_id=209"},"modified":"2024-08-20T16:14:57","modified_gmt":"2024-08-20T15:14:57","slug":"about-femise","status":"publish","type":"page","link":"https:\/\/www.femise.org\/en\/le-r%c3%a9seau\/about-femise\/","title":{"rendered":"About FEMISE"},"content":{"rendered":"<p>FEMISE,<span style=\"color: #ff9900;\"><b><i> Forum Eurom\u00e9diterran\u00e9en des Instituts de Sciences \u00c9conomiques <\/i><\/b><\/span>(the Euro-Mediterranean Forum of Institutes of Economic Sciences), is a Euromed network established in Marseille, France in June 2005 as an NGO (under the French Law of 1901), following 8 years of activities. The network gathers more than 100 members of economic research institutes from the North and South of the Mediterranean, representing the 37 partners of the Barcelona Process and the European Neighbourhood Policy (ENP).<\/p>\n<p>FEMISE is coordinated by the Economic Research Forum (ERF), Egypt.<\/p>\n<p><span style=\"color: #3366ff;\"><b><i>Objectives<\/i><\/b><\/span><\/p>\n<p>Inspired by the regional partnership between the two shores of the Mediterranean since the<br \/>\nBarcelona process of 1995 and the European neighbourhood policy, the objective of the FEMISE Association, as a Euro-Mediterranean network of non-profit economic and social institutes, <span style=\"color: #ff9900;\"><em>is to promote dialogue on economic and social policies, and deepen co-operation between the two shores <\/em><\/span><span style=\"color: #ff9900;\"><em>of the Mediterranean for their mutual benefit.<\/em><\/span><\/p>\n<p>To accomplish this main objective, the specific objectives of FEMISE are:<br \/>\n1. To build up and reinforce the capacity to conduct multi-disciplinary research and to make recommendations with respect to economic relations between Europe and its Mediterranean partners;<br \/>\n2. To reinforce dialogue between the public, private, national and multilateral institutes, a<br \/>\ndialogue based on the knowledge of these institutes;<br \/>\n3. To develop an efficient strategy for the dissemination and deployment of research results;<br \/>\n4. To forge and conclude partnerships with other institutes, bodies and establishments to work towards the accomplishment of the Association\u2019s objective.<\/p>\n<p>FEMISE may pursue any other objective deemed necessary in the context of the accomplishment of its mission and undertake all activities necessary for accomplishing its mission and objectives.<\/p>\n<p><span style=\"color: #3366ff;\"><b><i>Activities<\/i><\/b><\/span><\/p>\n<p>FEMISE carries out a large number of activities that include, but are not limited to:<\/p>\n<p>\u221a Conducting research on issues related to the Euromed partnership, neighbourhood policy and the Union for the Mediterranean<\/p>\n<p>\u221a Providing platforms for policy dialogues to discuss and debate among stakholders issues of relevance to the EuroMed region<\/p>\n<p>\u221a Disseminating the results of this research through conferences, workshops, publishing research papers and newsletters<\/p>\n<p><span style=\"color: #3366ff;\">\u00a0<b><i>The Association<\/i><\/b><\/span><\/p>\n<p>FEMISE association is composed of the following entities:<\/p>\n<p>\u221a A <span style=\"color: #ff9900;\">Network (including the General Assembly)<\/span> that is\u00a0 composed of more than 95 member institutes from North and South Mediterranean countries <a href=\"https:\/\/www.femise.org\/le-r%C3%A9seau\/membres\/\">(<\/a><a href=\"https:\/\/www.femise.org\/en\/le-r%C3%A9seau\/members\/\">List of Members<\/a><a href=\"https:\/\/www.femise.org\/le-r%C3%A9seau\/membres\/\">)<\/a>;<\/p>\n<p>\u221a A <span style=\"color: #ff9900;\">Board of Directors<\/span> composed of 22 members, 10 representing the 10 Mediterranean partners, 10 representing countries of the European Union and two coordinators (<a href=\"https:\/\/www.femise.org\/en\/le-r%C3%A9seau\/board-and-committee\/\">Board of Directors&#8217; list<\/a>)<\/p>\n<p>\u221a A <span style=\"color: #ff9900;\">Bureau<\/span> composed of a president (ERF), a treasurer (UAM), a general manager, and a general secretary (<a href=\"https:\/\/www.femise.org\/en\/le-r%C3%A9seau\/bureau-and-committees\/\">the Bureau)<\/a>;<\/p>\n<p>\u221a <span style=\"color: #ff9900;\">Specialized Committees<\/span> to facilitate the execution and ensure the quality of FEMISE activities. These include: the Scientific Committee, the Selection Committee, the Refereeing Committee and the Ethics Committee (<a href=\"https:\/\/www.femise.org\/en\/le-r%C3%A9seau\/bureau-and-committees\/\">Members of Committees<\/a>)<\/p>\n","protected":false},"excerpt":{"rendered":"<p>FEMISE, Forum Eurom\u00e9diterran\u00e9en des Instituts de Sciences \u00c9conomiques (the Euro-Mediterranean [&hellip;]<\/p>\n","protected":false},"author":1,"featured_media":0,"parent":208,"menu_order":0,"comment_status":"open","ping_status":"open","template":"","meta":{"_mi_skip_tracking":false,"_exactmetrics_sitenote_active":false,"_exactmetrics_sitenote_note":"","_exactmetrics_sitenote_category":0},"acf":[],"_links":{"self":[{"href":"https:\/\/www.femise.org\/en\/wp-json\/wp\/v2\/pages\/209"}],"collection":[{"href":"https:\/\/www.femise.org\/en\/wp-json\/wp\/v2\/pages"}],"about":[{"href":"https:\/\/www.femise.org\/en\/wp-json\/wp\/v2\/types\/page"}],"author":[{"embeddable":true,"href":"https:\/\/www.femise.org\/en\/wp-json\/wp\/v2\/users\/1"}],"replies":[{"embeddable":true,"href":"https:\/\/www.femise.org\/en\/wp-json\/wp\/v2\/comments?post=209"}],"version-history":[{"count":12,"href":"https:\/\/www.femise.org\/en\/wp-json\/wp\/v2\/pages\/209\/revisions"}],"predecessor-version":[{"id":21987,"href":"https:\/\/www.femise.org\/en\/wp-json\/wp\/v2\/pages\/209\/revisions\/21987"}],"up":[{"embeddable":true,"href":"https:\/\/www.femise.org\/en\/wp-json\/wp\/v2\/pages\/208"}],"wp:attachment":[{"href":"https:\/\/www.femise.org\/en\/wp-json\/wp\/v2\/media?parent=209"}],"curies":[{"name":"wp","href":"https:\/\/api.w.org\/{rel}","templated":true}]}}