{"id":208,"date":"2013-04-08T16:41:29","date_gmt":"2013-04-08T15:41:29","guid":{"rendered":"https:\/\/www.femise.org\/?page_id=208"},"modified":"2014-07-03T17:39:06","modified_gmt":"2014-07-03T16:39:06","slug":"le-r%c3%a9seau","status":"publish","type":"page","link":"https:\/\/www.femise.org\/en\/le-r%c3%a9seau\/","title":{"rendered":"Network"},"content":{"rendered":"<p style=\"text-align: justify;\">FEMISE (<strong><span style=\"color: #ff9900;\">Forum Eurom\u00e9diterran\u00e9en des Instituts de Sciences \u00c9conomiques<\/span><\/strong>) is Euro-Mediterranean Network established in June 2005 gathering more than 90 members&#8217; institute of economic research and representing the 37 Partners of the Barcelona Process. FEMISE is coordinated by the Economic Reserach Forum\u00a0 (ERF) in Egypt and the Institut de la M\u00e9diterran\u00e9e (IM) in France.<\/p>\n<ul>\n<li><a href=\"https:\/\/www.femise.org\/en\/le-r%C3%A9seau\/about-femise\/\">About FEMISE<\/a><\/li>\n<li><a href=\"https:\/\/www.femise.org\/en\/le-r%C3%A9seau\/members\/\">Network Members<\/a><\/li>\n<li><a href=\"https:\/\/www.femise.org\/en\/le-r%C3%A9seau\/board-and-committee\/\">Board of Directors<\/a><\/li>\n<li><a href=\"https:\/\/www.femise.org\/en\/le-r%C3%A9seau\/bureau-and-committees\/\">Bureau and Specialised Committees<\/a><\/li>\n<li><a href=\"https:\/\/www.femise.org\/en\/le-r%C3%A9seau\/partners-and-donors\/\">Partners and donors<\/a><\/li>\n<li><a href=\"https:\/\/www.femise.org\/en\/le-r%C3%A9seau\/femise-annual-reports\/\">FEMISE Annual Reports<\/a><\/li>\n<\/ul>\n","protected":false},"excerpt":{"rendered":"<p>FEMISE (Forum Eurom\u00e9diterran\u00e9en des Instituts de Sciences \u00c9conomiques) is Euro-Mediterranean [&hellip;]<\/p>\n","protected":false},"author":1,"featured_media":0,"parent":0,"menu_order":0,"comment_status":"open","ping_status":"open","template":"","meta":{"_mi_skip_tracking":false,"_exactmetrics_sitenote_active":false,"_exactmetrics_sitenote_note":"","_exactmetrics_sitenote_category":0},"acf":[],"_links":{"self":[{"href":"https:\/\/www.femise.org\/en\/wp-json\/wp\/v2\/pages\/208"}],"collection":[{"href":"https:\/\/www.femise.org\/en\/wp-json\/wp\/v2\/pages"}],"about":[{"href":"https:\/\/www.femise.org\/en\/wp-json\/wp\/v2\/types\/page"}],"author":[{"embeddable":true,"href":"https:\/\/www.femise.org\/en\/wp-json\/wp\/v2\/users\/1"}],"replies":[{"embeddable":true,"href":"https:\/\/www.femise.org\/en\/wp-json\/wp\/v2\/comments?post=208"}],"version-history":[{"count":11,"href":"https:\/\/www.femise.org\/en\/wp-json\/wp\/v2\/pages\/208\/revisions"}],"predecessor-version":[{"id":10541,"href":"https:\/\/www.femise.org\/en\/wp-json\/wp\/v2\/pages\/208\/revisions\/10541"}],"wp:attachment":[{"href":"https:\/\/www.femise.org\/en\/wp-json\/wp\/v2\/media?parent=208"}],"curies":[{"name":"wp","href":"https:\/\/api.w.org\/{rel}","templated":true}]}}